{"id":934,"date":"2023-05-22T05:18:51","date_gmt":"2023-05-22T02:18:51","guid":{"rendered":"https:\/\/thememxpro.com\/theme\/sopot\/?page_id=934"},"modified":"2023-11-12T03:00:38","modified_gmt":"2023-11-12T00:00:38","slug":"iletisim","status":"publish","type":"page","link":"https:\/\/istanbularamakurtarma.org.tr\/index.php\/iletisim\/","title":{"rendered":"\u0130leti\u015fim"},"content":{"rendered":"\t\t<div data-elementor-type=\"wp-page\" data-elementor-id=\"934\" class=\"elementor elementor-934\">\n\t\t\t\t\t\t\t\t\t<section class=\"elementor-section elementor-top-section elementor-element elementor-element-6d6be5e elementor-section-boxed elementor-section-height-default elementor-section-height-default\" data-id=\"6d6be5e\" data-element_type=\"section\">\n\t\t\t\t\t\t<div class=\"elementor-container elementor-column-gap-default\">\n\t\t\t\t\t<div class=\"elementor-column elementor-col-50 elementor-top-column elementor-element elementor-element-ba10a89\" data-id=\"ba10a89\" data-element_type=\"column\">\n\t\t\t<div class=\"elementor-widget-wrap elementor-element-populated\">\n\t\t\t\t\t\t\t\t<div class=\"elementor-element elementor-element-9b4f56c elementor-widget elementor-widget-heading\" data-id=\"9b4f56c\" data-element_type=\"widget\" data-widget_type=\"heading.default\">\n\t\t\t\t<div class=\"elementor-widget-container\">\n\t\t\t<style>\/*! elementor - v3.17.0 - 08-11-2023 *\/\n.elementor-heading-title{padding:0;margin:0;line-height:1}.elementor-widget-heading .elementor-heading-title[class*=elementor-size-]>a{color:inherit;font-size:inherit;line-height:inherit}.elementor-widget-heading .elementor-heading-title.elementor-size-small{font-size:15px}.elementor-widget-heading .elementor-heading-title.elementor-size-medium{font-size:19px}.elementor-widget-heading .elementor-heading-title.elementor-size-large{font-size:29px}.elementor-widget-heading .elementor-heading-title.elementor-size-xl{font-size:39px}.elementor-widget-heading .elementor-heading-title.elementor-size-xxl{font-size:59px}<\/style><h2 class=\"elementor-heading-title elementor-size-default\">Bize kat\u0131l\u0131n....!<\/h2>\t\t<\/div>\n\t\t\t\t<\/div>\n\t\t\t\t<div class=\"elementor-element elementor-element-742de31 elementor-widget elementor-widget-heading\" data-id=\"742de31\" data-element_type=\"widget\" data-widget_type=\"heading.default\">\n\t\t\t\t<div class=\"elementor-widget-container\">\n\t\t\t<h2 class=\"elementor-heading-title elementor-size-default\">Bizimle \u0130leti\u015fime Ge\u00e7....!<\/h2>\t\t<\/div>\n\t\t\t\t<\/div>\n\t\t\t\t<div class=\"elementor-element elementor-element-6a1c4d1 elementor-widget__width-initial elementor-widget elementor-widget-sopot_contact\" data-id=\"6a1c4d1\" data-element_type=\"widget\" data-widget_type=\"sopot_contact.default\">\n\t\t\t\t<div class=\"elementor-widget-container\">\n\t\t\t\n\n\t\t<div class=\"contact-page__form\">\n\t\t\n<div class=\"wpcf7 no-js\" id=\"wpcf7-f951-o1\" lang=\"en-US\" dir=\"ltr\">\n<div class=\"screen-reader-response\"><p role=\"status\" aria-live=\"polite\" aria-atomic=\"true\"><\/p> <ul><\/ul><\/div>\n<form action=\"\/index.php\/wp-json\/wp\/v2\/pages\/934#wpcf7-f951-o1\" method=\"post\" class=\"wpcf7-form init\" aria-label=\"Contact form\" novalidate=\"novalidate\" data-status=\"init\">\n<div style=\"display: none;\">\n<input type=\"hidden\" name=\"_wpcf7\" value=\"951\" \/>\n<input type=\"hidden\" name=\"_wpcf7_version\" value=\"5.8.3\" \/>\n<input type=\"hidden\" name=\"_wpcf7_locale\" value=\"en_US\" \/>\n<input type=\"hidden\" name=\"_wpcf7_unit_tag\" value=\"wpcf7-f951-o1\" \/>\n<input type=\"hidden\" name=\"_wpcf7_container_post\" value=\"0\" \/>\n<input type=\"hidden\" name=\"_wpcf7_posted_data_hash\" value=\"\" \/>\n<\/div>\n<div class=\"row\">\n\t<div class=\"col-xl-6\">\n\t\t<div class=\"comment-form__input-box\">\n\t\t\t<p><span class=\"wpcf7-form-control-wrap\" data-name=\"text-414\"><input size=\"40\" class=\"wpcf7-form-control wpcf7-text wpcf7-validates-as-required\" aria-required=\"true\" aria-invalid=\"false\" placeholder=\"\u0130sim Soyisim\" value=\"\" type=\"text\" name=\"text-414\" \/><\/span>\n\t\t\t<\/p>\n\t\t<\/div>\n\t<\/div>\n\t<div class=\"col-xl-6\">\n\t\t<div class=\"comment-form__input-box\">\n\t\t\t<p><span class=\"wpcf7-form-control-wrap\" data-name=\"email-46\"><input size=\"40\" class=\"wpcf7-form-control wpcf7-email wpcf7-validates-as-required wpcf7-text wpcf7-validates-as-email\" aria-required=\"true\" aria-invalid=\"false\" placeholder=\"Mail Adresiniz\" value=\"\" type=\"email\" name=\"email-46\" \/><\/span>\n\t\t\t<\/p>\n\t\t<\/div>\n\t<\/div>\n\t<div class=\"col-xl-6\">\n\t\t<div class=\"comment-form__input-box\">\n\t\t\t<p><span class=\"wpcf7-form-control-wrap\" data-name=\"text-415\"><input size=\"40\" class=\"wpcf7-form-control wpcf7-text wpcf7-validates-as-required\" aria-required=\"true\" aria-invalid=\"false\" placeholder=\"Telefon Numaras\u0131\" value=\"\" type=\"text\" name=\"text-415\" \/><\/span>\n\t\t\t<\/p>\n\t\t<\/div>\n\t<\/div>\n\t<div class=\"col-xl-6\">\n\t\t<div class=\"comment-form__input-box\">\n\t\t\t<p><span class=\"wpcf7-form-control-wrap\" data-name=\"text-416\"><input size=\"40\" class=\"wpcf7-form-control wpcf7-text wpcf7-validates-as-required\" aria-required=\"true\" aria-invalid=\"false\" placeholder=\"Konu\" value=\"\" type=\"text\" name=\"text-416\" \/><\/span>\n\t\t\t<\/p>\n\t\t<\/div>\n\t<\/div>\n<\/div>\n<div class=\"row\">\n\t<div class=\"col-xl-12\">\n\t\t<div class=\"comment-form__input-box text-message-box\">\n\t\t\t<p><span class=\"wpcf7-form-control-wrap\" data-name=\"textarea-782\"><textarea cols=\"40\" rows=\"10\" class=\"wpcf7-form-control wpcf7-textarea wpcf7-validates-as-required\" aria-required=\"true\" aria-invalid=\"false\" placeholder=\"Mesaj\u0131n\u0131z\u0131 yaz\u0131n\" name=\"textarea-782\"><\/textarea><\/span>\n\t\t\t<\/p>\n\t\t<\/div>\n\t\t<div class=\"comment-form__btn-box\">\n\t\t\t<p><button type=\"submit\" class=\"thm-btn comment-form__btn\">G\u00f6nder<\/button>\n\t\t\t<\/p>\n\t\t<\/div>\n\t<\/div>\n<\/div><div class=\"wpcf7-response-output\" aria-hidden=\"true\"><\/div>\n<\/form>\n<\/div>\n        <\/div>\n\n\n    \t\t<\/div>\n\t\t\t\t<\/div>\n\t\t\t\t\t<\/div>\n\t\t<\/div>\n\t\t\t\t<div class=\"elementor-column elementor-col-50 elementor-top-column elementor-element elementor-element-b47f310\" data-id=\"b47f310\" data-element_type=\"column\" data-settings=\"{&quot;background_background&quot;:&quot;classic&quot;}\">\n\t\t\t<div class=\"elementor-widget-wrap elementor-element-populated\">\n\t\t\t\t\t\t\t\t<div class=\"elementor-element elementor-element-e921465 elementor-widget elementor-widget-image\" data-id=\"e921465\" data-element_type=\"widget\" data-widget_type=\"image.default\">\n\t\t\t\t<div class=\"elementor-widget-container\">\n\t\t\t<style>\/*! elementor - v3.17.0 - 08-11-2023 *\/\n.elementor-widget-image{text-align:center}.elementor-widget-image a{display:inline-block}.elementor-widget-image a img[src$=\".svg\"]{width:48px}.elementor-widget-image img{vertical-align:middle;display:inline-block}<\/style>\t\t\t\t\t\t\t\t\t\t\t\t<img fetchpriority=\"high\" decoding=\"async\" width=\"881\" height=\"1024\" src=\"https:\/\/istanbularamakurtarma.org.tr\/wp-content\/uploads\/2023\/11\/275606461_5302163159794078_6952574691326285851_n-881x1024.jpg\" class=\"attachment-large size-large wp-image-1644\" alt=\"\" srcset=\"https:\/\/istanbularamakurtarma.org.tr\/wp-content\/uploads\/2023\/11\/275606461_5302163159794078_6952574691326285851_n-881x1024.jpg 881w, https:\/\/istanbularamakurtarma.org.tr\/wp-content\/uploads\/2023\/11\/275606461_5302163159794078_6952574691326285851_n-258x300.jpg 258w, https:\/\/istanbularamakurtarma.org.tr\/wp-content\/uploads\/2023\/11\/275606461_5302163159794078_6952574691326285851_n-768x893.jpg 768w, https:\/\/istanbularamakurtarma.org.tr\/wp-content\/uploads\/2023\/11\/275606461_5302163159794078_6952574691326285851_n-1321x1536.jpg 1321w, https:\/\/istanbularamakurtarma.org.tr\/wp-content\/uploads\/2023\/11\/275606461_5302163159794078_6952574691326285851_n.jpg 1376w\" sizes=\"(max-width: 881px) 100vw, 881px\" \/>\t\t\t\t\t\t\t\t\t\t\t\t\t\t\t<\/div>\n\t\t\t\t<\/div>\n\t\t\t\t\t<\/div>\n\t\t<\/div>\n\t\t\t\t\t\t\t<\/div>\n\t\t<\/section>\n\t\t\t\t<section class=\"elementor-section elementor-top-section elementor-element elementor-element-b584c2c elementor-section-boxed elementor-section-height-default elementor-section-height-default\" data-id=\"b584c2c\" data-element_type=\"section\">\n\t\t\t\t\t\t<div class=\"elementor-container elementor-column-gap-default\">\n\t\t\t\t\t<div class=\"elementor-column elementor-col-100 elementor-top-column elementor-element elementor-element-2c07c88\" data-id=\"2c07c88\" data-element_type=\"column\">\n\t\t\t<div class=\"elementor-widget-wrap\">\n\t\t\t\t\t\t\t\t\t<\/div>\n\t\t<\/div>\n\t\t\t\t\t\t\t<\/div>\n\t\t<\/section>\n\t\t\t\t<section class=\"elementor-section elementor-top-section elementor-element elementor-element-34a2357 elementor-section-full_width elementor-section-height-default elementor-section-height-default\" data-id=\"34a2357\" data-element_type=\"section\">\n\t\t\t\t\t\t<div class=\"elementor-container elementor-column-gap-no\">\n\t\t\t\t\t<div class=\"elementor-column elementor-col-100 elementor-top-column elementor-element elementor-element-9d2a921\" data-id=\"9d2a921\" data-element_type=\"column\">\n\t\t\t<div class=\"elementor-widget-wrap elementor-element-populated\">\n\t\t\t\t\t\t\t\t<div class=\"elementor-element elementor-element-3129917 elementor-invisible elementor-widget elementor-widget-sopot_contact_info\" data-id=\"3129917\" data-element_type=\"widget\" data-settings=\"{&quot;_animation&quot;:&quot;fadeIn&quot;}\" data-widget_type=\"sopot_contact_info.default\">\n\t\t\t\t<div class=\"elementor-widget-container\">\n\t\t\t\t\t\n\n\n\t\t<!--Contact Info Start-->\n        <section class=\"contact-info\">\n            <div class=\"container\">\n                <div class=\"row\">\n\t\t\t\t                    <div class=\"col-xl-4 col-lg-4\">\n                        <!--Contact Info Single-->\n                        <div class=\"contact-info__single\">\n                            <h4 class=\"contact-info__title\">Hakk\u0131m\u0131zda<\/h4>\n                            <p class=\"contact-info__text\">\u0130stanbul Arama Kurtarma Derne\u011fimiz, Fikret Be\u015fo\u011ful taraf\u0131ndan 2011 senesinde kurulmu\u015ftur.<\/p>\n                        <\/div>\n                    <\/div>\n\t\t\t\t\t                    <div class=\"col-xl-4 col-lg-4\">\n                        <!--Contact Info Single-->\n                        <div class=\"contact-info__single\">\n                            <h4 class=\"contact-info__title\">Adres<\/h4>\n                            <p class=\"contact-info__text\">\nY\u0131ld\u0131ztabya, Bay\u0131r Sokak No:56, Gaziosmanpa\u015fa\/\u0130stanbul<\/p>\n                        <\/div>\n                    <\/div>\n\t\t\t\t\t                    <div class=\"col-xl-4 col-lg-4\">\n                        <!--Contact Info Single-->\n                        <div class=\"contact-info__single contact-info__single-3\">\n                            <h4 class=\"contact-info__title\">\u0130leti\u015fim<\/h4>\n                            <p class=\"contact-info__email-phone\">\n                                <a href=\"mailto:iak@istanbularamakurtarma.org.tr\"\n                                    class=\"contact-info__email\">iak@istanbularamakurtarma.org.tr<\/a>\n                                <a href=\"tel:+90%20532%20245%2024%2041\" class=\"contact-info__phone\">+90 532 245 24 41<\/a>\n                            <\/p>\n                        <\/div>\n                    <\/div>\n                <\/div>\n            <\/div>\n        <\/section>\n        <!--Contact Info End-->\n\t\n\t\n\n\n\n    \t\t<\/div>\n\t\t\t\t<\/div>\n\t\t\t\t<div class=\"elementor-element elementor-element-2314b56 elementor-widget elementor-widget-google_maps\" data-id=\"2314b56\" data-element_type=\"widget\" data-widget_type=\"google_maps.default\">\n\t\t\t\t<div class=\"elementor-widget-container\">\n\t\t\t<style>\/*! elementor - v3.17.0 - 08-11-2023 *\/\n.elementor-widget-google_maps .elementor-widget-container{overflow:hidden}.elementor-widget-google_maps .elementor-custom-embed{line-height:0}.elementor-widget-google_maps iframe{height:300px}<\/style>\t\t<div class=\"elementor-custom-embed\">\n\t\t\t<iframe loading=\"lazy\"\n\t\t\t\t\tsrc=\"https:\/\/maps.google.com\/maps?q=Y%C4%B1ld%C4%B1ztabya%2C%20Bay%C4%B1r%20Sokak%20No%3A56%2C%20Gaziosmanpa%C5%9Fa%2F%C4%B0stanbul&#038;t=m&#038;z=10&#038;output=embed&#038;iwloc=near\"\n\t\t\t\t\ttitle=\"Y\u0131ld\u0131ztabya, Bay\u0131r Sokak No:56, Gaziosmanpa\u015fa\/\u0130stanbul\"\n\t\t\t\t\taria-label=\"Y\u0131ld\u0131ztabya, Bay\u0131r Sokak No:56, Gaziosmanpa\u015fa\/\u0130stanbul\"\n\t\t\t><\/iframe>\n\t\t<\/div>\n\t\t\t\t<\/div>\n\t\t\t\t<\/div>\n\t\t\t\t\t<\/div>\n\t\t<\/div>\n\t\t\t\t\t\t\t<\/div>\n\t\t<\/section>\n\t\t\t\t\t\t\t<\/div>\n\t\t","protected":false},"excerpt":{"rendered":"<p>Bize kat\u0131l\u0131n&#8230;.! Bizimle \u0130leti\u015fime Ge\u00e7&#8230;.! Send a message Hakk\u0131m\u0131zda \u0130stanbul Arama Kurtarma Derne\u011fimiz, Fikret Be\u015fo\u011ful taraf\u0131ndan 2011 senesinde kurulmu\u015ftur. Adres Y\u0131ld\u0131ztabya, Bay\u0131r Sokak No:56, Gaziosmanpa\u015fa\/\u0130stanbul \u0130leti\u015fim iak@istanbularamakurtarma.org.tr +90 532 245 [&hellip;]<\/p>\n","protected":false},"author":1,"featured_media":1741,"parent":0,"menu_order":0,"comment_status":"closed","ping_status":"closed","template":"tpl-default-elementor.php","meta":{"footnotes":""},"class_list":["post-934","page","type-page","status-publish","has-post-thumbnail","hentry"],"yoast_head":"<!-- This site is optimized with the Yoast SEO plugin v21.5 - https:\/\/yoast.com\/wordpress\/plugins\/seo\/ -->\n<title>\u0130leti\u015fim - \u0130stanbul Arama Kurtarma Derne\u011fi<\/title>\n<meta name=\"robots\" content=\"index, follow, max-snippet:-1, max-image-preview:large, max-video-preview:-1\" \/>\n<link rel=\"canonical\" href=\"https:\/\/istanbularamakurtarma.org.tr\/index.php\/iletisim\/\" \/>\n<meta property=\"og:locale\" content=\"tr_TR\" \/>\n<meta property=\"og:type\" content=\"article\" \/>\n<meta property=\"og:title\" content=\"\u0130leti\u015fim - \u0130stanbul Arama Kurtarma Derne\u011fi\" \/>\n<meta property=\"og:description\" content=\"Bize kat\u0131l\u0131n&#8230;.! Bizimle \u0130leti\u015fime Ge\u00e7&#8230;.! Send a message Hakk\u0131m\u0131zda \u0130stanbul Arama Kurtarma Derne\u011fimiz, Fikret Be\u015fo\u011ful taraf\u0131ndan 2011 senesinde kurulmu\u015ftur. Adres Y\u0131ld\u0131ztabya, Bay\u0131r Sokak No:56, Gaziosmanpa\u015fa\/\u0130stanbul \u0130leti\u015fim iak@istanbularamakurtarma.org.tr +90 532 245 [&hellip;]\" \/>\n<meta property=\"og:url\" content=\"https:\/\/istanbularamakurtarma.org.tr\/index.php\/iletisim\/\" \/>\n<meta property=\"og:site_name\" content=\"\u0130stanbul Arama Kurtarma Derne\u011fi\" \/>\n<meta property=\"article:publisher\" content=\"https:\/\/www.facebook.com\/istanbularamakurtarma\" \/>\n<meta property=\"article:modified_time\" content=\"2023-11-12T00:00:38+00:00\" \/>\n<meta property=\"og:image\" content=\"https:\/\/istanbularamakurtarma.org.tr\/wp-content\/uploads\/2023\/11\/cropped-343406239_771789990964647_1654410322382407438_n.jpg\" \/>\n\t<meta property=\"og:image:width\" content=\"1500\" \/>\n\t<meta property=\"og:image:height\" content=\"944\" \/>\n\t<meta property=\"og:image:type\" content=\"image\/jpeg\" \/>\n<meta name=\"twitter:card\" content=\"summary_large_image\" \/>\n<meta name=\"twitter:site\" content=\"@istanbularama\" \/>\n<script type=\"application\/ld+json\" class=\"yoast-schema-graph\">{\"@context\":\"https:\/\/schema.org\",\"@graph\":[{\"@type\":\"WebPage\",\"@id\":\"https:\/\/istanbularamakurtarma.org.tr\/index.php\/iletisim\/\",\"url\":\"https:\/\/istanbularamakurtarma.org.tr\/index.php\/iletisim\/\",\"name\":\"\u0130leti\u015fim - \u0130stanbul Arama Kurtarma Derne\u011fi\",\"isPartOf\":{\"@id\":\"https:\/\/istanbularamakurtarma.org.tr\/#website\"},\"datePublished\":\"2023-05-22T02:18:51+00:00\",\"dateModified\":\"2023-11-12T00:00:38+00:00\",\"breadcrumb\":{\"@id\":\"https:\/\/istanbularamakurtarma.org.tr\/index.php\/iletisim\/#breadcrumb\"},\"inLanguage\":\"tr\",\"potentialAction\":[{\"@type\":\"ReadAction\",\"target\":[\"https:\/\/istanbularamakurtarma.org.tr\/index.php\/iletisim\/\"]}]},{\"@type\":\"BreadcrumbList\",\"@id\":\"https:\/\/istanbularamakurtarma.org.tr\/index.php\/iletisim\/#breadcrumb\",\"itemListElement\":[{\"@type\":\"ListItem\",\"position\":1,\"name\":\"Anasayfa\",\"item\":\"https:\/\/istanbularamakurtarma.org.tr\/\"},{\"@type\":\"ListItem\",\"position\":2,\"name\":\"\u0130leti\u015fim\"}]},{\"@type\":\"WebSite\",\"@id\":\"https:\/\/istanbularamakurtarma.org.tr\/#website\",\"url\":\"https:\/\/istanbularamakurtarma.org.tr\/\",\"name\":\"\u0130stanbul Arama Kurtarma Derne\u011fi\",\"description\":\"\",\"publisher\":{\"@id\":\"https:\/\/istanbularamakurtarma.org.tr\/#organization\"},\"potentialAction\":[{\"@type\":\"SearchAction\",\"target\":{\"@type\":\"EntryPoint\",\"urlTemplate\":\"https:\/\/istanbularamakurtarma.org.tr\/?s={search_term_string}\"},\"query-input\":\"required name=search_term_string\"}],\"inLanguage\":\"tr\"},{\"@type\":\"Organization\",\"@id\":\"https:\/\/istanbularamakurtarma.org.tr\/#organization\",\"name\":\"\u0130stanbul Arama Kurtarma Derne\u011fi\",\"url\":\"https:\/\/istanbularamakurtarma.org.tr\/\",\"logo\":{\"@type\":\"ImageObject\",\"inLanguage\":\"tr\",\"@id\":\"https:\/\/istanbularamakurtarma.org.tr\/#\/schema\/logo\/image\/\",\"url\":\"https:\/\/istanbularamakurtarma.org.tr\/wp-content\/uploads\/2023\/11\/istanbul-arama-kurtarma-1.png\",\"contentUrl\":\"https:\/\/istanbularamakurtarma.org.tr\/wp-content\/uploads\/2023\/11\/istanbul-arama-kurtarma-1.png\",\"width\":295,\"height\":355,\"caption\":\"\u0130stanbul Arama Kurtarma Derne\u011fi\"},\"image\":{\"@id\":\"https:\/\/istanbularamakurtarma.org.tr\/#\/schema\/logo\/image\/\"},\"sameAs\":[\"https:\/\/www.facebook.com\/istanbularamakurtarma\",\"https:\/\/twitter.com\/istanbularama\",\"https:\/\/www.youtube.com\/@istanbularamakurtarmaderne8635\/videos\",\"https:\/\/www.instagram.com\/istanbularamakurtarma\"]}]}<\/script>\n<!-- \/ Yoast SEO plugin. -->","yoast_head_json":{"title":"\u0130leti\u015fim - \u0130stanbul Arama Kurtarma Derne\u011fi","robots":{"index":"index","follow":"follow","max-snippet":"max-snippet:-1","max-image-preview":"max-image-preview:large","max-video-preview":"max-video-preview:-1"},"canonical":"https:\/\/istanbularamakurtarma.org.tr\/index.php\/iletisim\/","og_locale":"tr_TR","og_type":"article","og_title":"\u0130leti\u015fim - \u0130stanbul Arama Kurtarma Derne\u011fi","og_description":"Bize kat\u0131l\u0131n&#8230;.! Bizimle \u0130leti\u015fime Ge\u00e7&#8230;.! Send a message Hakk\u0131m\u0131zda \u0130stanbul Arama Kurtarma Derne\u011fimiz, Fikret Be\u015fo\u011ful taraf\u0131ndan 2011 senesinde kurulmu\u015ftur. Adres Y\u0131ld\u0131ztabya, Bay\u0131r Sokak No:56, Gaziosmanpa\u015fa\/\u0130stanbul \u0130leti\u015fim iak@istanbularamakurtarma.org.tr +90 532 245 [&hellip;]","og_url":"https:\/\/istanbularamakurtarma.org.tr\/index.php\/iletisim\/","og_site_name":"\u0130stanbul Arama Kurtarma Derne\u011fi","article_publisher":"https:\/\/www.facebook.com\/istanbularamakurtarma","article_modified_time":"2023-11-12T00:00:38+00:00","og_image":[{"width":1500,"height":944,"url":"https:\/\/istanbularamakurtarma.org.tr\/wp-content\/uploads\/2023\/11\/cropped-343406239_771789990964647_1654410322382407438_n.jpg","type":"image\/jpeg"}],"twitter_card":"summary_large_image","twitter_site":"@istanbularama","schema":{"@context":"https:\/\/schema.org","@graph":[{"@type":"WebPage","@id":"https:\/\/istanbularamakurtarma.org.tr\/index.php\/iletisim\/","url":"https:\/\/istanbularamakurtarma.org.tr\/index.php\/iletisim\/","name":"\u0130leti\u015fim - \u0130stanbul Arama Kurtarma Derne\u011fi","isPartOf":{"@id":"https:\/\/istanbularamakurtarma.org.tr\/#website"},"datePublished":"2023-05-22T02:18:51+00:00","dateModified":"2023-11-12T00:00:38+00:00","breadcrumb":{"@id":"https:\/\/istanbularamakurtarma.org.tr\/index.php\/iletisim\/#breadcrumb"},"inLanguage":"tr","potentialAction":[{"@type":"ReadAction","target":["https:\/\/istanbularamakurtarma.org.tr\/index.php\/iletisim\/"]}]},{"@type":"BreadcrumbList","@id":"https:\/\/istanbularamakurtarma.org.tr\/index.php\/iletisim\/#breadcrumb","itemListElement":[{"@type":"ListItem","position":1,"name":"Anasayfa","item":"https:\/\/istanbularamakurtarma.org.tr\/"},{"@type":"ListItem","position":2,"name":"\u0130leti\u015fim"}]},{"@type":"WebSite","@id":"https:\/\/istanbularamakurtarma.org.tr\/#website","url":"https:\/\/istanbularamakurtarma.org.tr\/","name":"\u0130stanbul Arama Kurtarma Derne\u011fi","description":"","publisher":{"@id":"https:\/\/istanbularamakurtarma.org.tr\/#organization"},"potentialAction":[{"@type":"SearchAction","target":{"@type":"EntryPoint","urlTemplate":"https:\/\/istanbularamakurtarma.org.tr\/?s={search_term_string}"},"query-input":"required name=search_term_string"}],"inLanguage":"tr"},{"@type":"Organization","@id":"https:\/\/istanbularamakurtarma.org.tr\/#organization","name":"\u0130stanbul Arama Kurtarma Derne\u011fi","url":"https:\/\/istanbularamakurtarma.org.tr\/","logo":{"@type":"ImageObject","inLanguage":"tr","@id":"https:\/\/istanbularamakurtarma.org.tr\/#\/schema\/logo\/image\/","url":"https:\/\/istanbularamakurtarma.org.tr\/wp-content\/uploads\/2023\/11\/istanbul-arama-kurtarma-1.png","contentUrl":"https:\/\/istanbularamakurtarma.org.tr\/wp-content\/uploads\/2023\/11\/istanbul-arama-kurtarma-1.png","width":295,"height":355,"caption":"\u0130stanbul Arama Kurtarma Derne\u011fi"},"image":{"@id":"https:\/\/istanbularamakurtarma.org.tr\/#\/schema\/logo\/image\/"},"sameAs":["https:\/\/www.facebook.com\/istanbularamakurtarma","https:\/\/twitter.com\/istanbularama","https:\/\/www.youtube.com\/@istanbularamakurtarmaderne8635\/videos","https:\/\/www.instagram.com\/istanbularamakurtarma"]}]}},"jetpack_sharing_enabled":true,"_links":{"self":[{"href":"https:\/\/istanbularamakurtarma.org.tr\/index.php\/wp-json\/wp\/v2\/pages\/934","targetHints":{"allow":["GET"]}}],"collection":[{"href":"https:\/\/istanbularamakurtarma.org.tr\/index.php\/wp-json\/wp\/v2\/pages"}],"about":[{"href":"https:\/\/istanbularamakurtarma.org.tr\/index.php\/wp-json\/wp\/v2\/types\/page"}],"author":[{"embeddable":true,"href":"https:\/\/istanbularamakurtarma.org.tr\/index.php\/wp-json\/wp\/v2\/users\/1"}],"replies":[{"embeddable":true,"href":"https:\/\/istanbularamakurtarma.org.tr\/index.php\/wp-json\/wp\/v2\/comments?post=934"}],"version-history":[{"count":14,"href":"https:\/\/istanbularamakurtarma.org.tr\/index.php\/wp-json\/wp\/v2\/pages\/934\/revisions"}],"predecessor-version":[{"id":1753,"href":"https:\/\/istanbularamakurtarma.org.tr\/index.php\/wp-json\/wp\/v2\/pages\/934\/revisions\/1753"}],"wp:featuredmedia":[{"embeddable":true,"href":"https:\/\/istanbularamakurtarma.org.tr\/index.php\/wp-json\/wp\/v2\/media\/1741"}],"wp:attachment":[{"href":"https:\/\/istanbularamakurtarma.org.tr\/index.php\/wp-json\/wp\/v2\/media?parent=934"}],"curies":[{"name":"wp","href":"https:\/\/api.w.org\/{rel}","templated":true}]}}