{"id":1720,"date":"2023-11-11T20:44:55","date_gmt":"2023-11-11T17:44:55","guid":{"rendered":"https:\/\/istanbularamakurtarma.org.tr\/?page_id=1720"},"modified":"2023-11-12T16:05:55","modified_gmt":"2023-11-12T13:05:55","slug":"deprem","status":"publish","type":"page","link":"https:\/\/istanbularamakurtarma.org.tr\/index.php\/faaliyetlerimiz\/deprem\/","title":{"rendered":"Depremler"},"content":{"rendered":"\t\t<div data-elementor-type=\"wp-page\" data-elementor-id=\"1720\" class=\"elementor elementor-1720\">\n\t\t\t\t\t\t\t<div class=\"elementor-element elementor-element-bb60386 e-flex e-con-boxed elementor-invisible e-con e-parent\" data-id=\"bb60386\" data-element_type=\"container\" data-settings=\"{&quot;animation&quot;:&quot;fadeIn&quot;,&quot;content_width&quot;:&quot;boxed&quot;}\" data-core-v316-plus=\"true\">\n\t\t\t\t\t<div class=\"e-con-inner\">\n\t\t\t\t<div class=\"elementor-element elementor-element-d6e5972 elementor-arrows-position-inside elementor-pagination-position-outside elementor-widget elementor-widget-image-carousel\" data-id=\"d6e5972\" data-element_type=\"widget\" data-settings=\"{&quot;navigation&quot;:&quot;both&quot;,&quot;autoplay&quot;:&quot;yes&quot;,&quot;pause_on_hover&quot;:&quot;yes&quot;,&quot;pause_on_interaction&quot;:&quot;yes&quot;,&quot;autoplay_speed&quot;:5000,&quot;infinite&quot;:&quot;yes&quot;,&quot;speed&quot;:500}\" data-widget_type=\"image-carousel.default\">\n\t\t\t\t<div class=\"elementor-widget-container\">\n\t\t\t<style>\/*! elementor - v3.17.0 - 08-11-2023 *\/\n.elementor-widget-image-carousel .swiper,.elementor-widget-image-carousel .swiper-container{position:static}.elementor-widget-image-carousel .swiper-container .swiper-slide figure,.elementor-widget-image-carousel .swiper .swiper-slide figure{line-height:inherit}.elementor-widget-image-carousel .swiper-slide{text-align:center}.elementor-image-carousel-wrapper:not(.swiper-container-initialized):not(.swiper-initialized) .swiper-slide{max-width:calc(100% \/ var(--e-image-carousel-slides-to-show, 3))}<\/style>\t\t<div class=\"elementor-image-carousel-wrapper swiper\" dir=\"ltr\">\n\t\t\t<div class=\"elementor-image-carousel swiper-wrapper\" aria-live=\"off\">\n\t\t\t\t\t\t\t\t<div class=\"swiper-slide\" role=\"group\" aria-roledescription=\"slide\" aria-label=\"1 \/ 10\"><figure class=\"swiper-slide-inner\"><img decoding=\"async\" class=\"swiper-slide-image\" src=\"https:\/\/istanbularamakurtarma.org.tr\/wp-content\/uploads\/2023\/11\/IMG_9633-150x150.jpg\" alt=\"IMG_9633\" \/><\/figure><\/div><div class=\"swiper-slide\" role=\"group\" aria-roledescription=\"slide\" aria-label=\"2 \/ 10\"><figure class=\"swiper-slide-inner\"><img decoding=\"async\" class=\"swiper-slide-image\" src=\"https:\/\/istanbularamakurtarma.org.tr\/wp-content\/uploads\/2023\/11\/IMG_9626-150x150.jpg\" alt=\"IMG_9626\" \/><\/figure><\/div><div class=\"swiper-slide\" role=\"group\" aria-roledescription=\"slide\" aria-label=\"3 \/ 10\"><figure class=\"swiper-slide-inner\"><img decoding=\"async\" class=\"swiper-slide-image\" src=\"https:\/\/istanbularamakurtarma.org.tr\/wp-content\/uploads\/2023\/11\/IMG_9594-150x150.jpg\" alt=\"IMG_9594\" \/><\/figure><\/div><div class=\"swiper-slide\" role=\"group\" aria-roledescription=\"slide\" aria-label=\"4 \/ 10\"><figure class=\"swiper-slide-inner\"><img decoding=\"async\" class=\"swiper-slide-image\" src=\"https:\/\/istanbularamakurtarma.org.tr\/wp-content\/uploads\/2023\/11\/IMG_9454-150x150.jpg\" alt=\"IMG_9454\" \/><\/figure><\/div><div class=\"swiper-slide\" role=\"group\" aria-roledescription=\"slide\" aria-label=\"5 \/ 10\"><figure class=\"swiper-slide-inner\"><img decoding=\"async\" class=\"swiper-slide-image\" src=\"https:\/\/istanbularamakurtarma.org.tr\/wp-content\/uploads\/2023\/11\/IMG_20190207_010438-150x150.jpg\" alt=\"IMG_20190207_010438\" \/><\/figure><\/div><div class=\"swiper-slide\" role=\"group\" aria-roledescription=\"slide\" aria-label=\"6 \/ 10\"><figure class=\"swiper-slide-inner\"><img decoding=\"async\" class=\"swiper-slide-image\" src=\"https:\/\/istanbularamakurtarma.org.tr\/wp-content\/uploads\/2023\/11\/IMG_9444-150x150.jpg\" alt=\"IMG_9444\" \/><\/figure><\/div><div class=\"swiper-slide\" role=\"group\" aria-roledescription=\"slide\" aria-label=\"7 \/ 10\"><figure class=\"swiper-slide-inner\"><img decoding=\"async\" class=\"swiper-slide-image\" src=\"https:\/\/istanbularamakurtarma.org.tr\/wp-content\/uploads\/2023\/11\/IMG_9422-150x150.jpg\" alt=\"IMG_9422\" \/><\/figure><\/div><div class=\"swiper-slide\" role=\"group\" aria-roledescription=\"slide\" aria-label=\"8 \/ 10\"><figure class=\"swiper-slide-inner\"><img decoding=\"async\" class=\"swiper-slide-image\" src=\"https:\/\/istanbularamakurtarma.org.tr\/wp-content\/uploads\/2023\/11\/IMG_9409-150x150.jpg\" alt=\"IMG_9409\" \/><\/figure><\/div><div class=\"swiper-slide\" role=\"group\" aria-roledescription=\"slide\" aria-label=\"9 \/ 10\"><figure class=\"swiper-slide-inner\"><img decoding=\"async\" class=\"swiper-slide-image\" src=\"https:\/\/istanbularamakurtarma.org.tr\/wp-content\/uploads\/2023\/11\/IMG_9413-150x150.jpg\" alt=\"IMG_9413\" \/><\/figure><\/div><div class=\"swiper-slide\" role=\"group\" aria-roledescription=\"slide\" aria-label=\"10 \/ 10\"><figure class=\"swiper-slide-inner\"><img decoding=\"async\" class=\"swiper-slide-image\" src=\"https:\/\/istanbularamakurtarma.org.tr\/wp-content\/uploads\/2023\/11\/IMG_20190206_205934-150x150.jpg\" alt=\"IMG_20190206_205934\" \/><\/figure><\/div>\t\t\t<\/div>\n\t\t\t\t\t\t\t\t\t\t\t\t<div class=\"elementor-swiper-button elementor-swiper-button-prev\" role=\"button\" tabindex=\"0\">\n\t\t\t\t\t\t<i aria-hidden=\"true\" class=\"eicon-chevron-left\"><\/i>\t\t\t\t\t<\/div>\n\t\t\t\t\t<div class=\"elementor-swiper-button elementor-swiper-button-next\" role=\"button\" tabindex=\"0\">\n\t\t\t\t\t\t<i aria-hidden=\"true\" class=\"eicon-chevron-right\"><\/i>\t\t\t\t\t<\/div>\n\t\t\t\t\n\t\t\t\t\t\t\t\t\t<div class=\"swiper-pagination\"><\/div>\n\t\t\t\t\t\t\t\t\t<\/div>\n\t\t\t\t<\/div>\n\t\t\t\t<\/div>\n\t\t\t\t\t<\/div>\n\t\t\t\t<\/div>\n\t\t<div class=\"elementor-element elementor-element-0eb1a24 e-flex e-con-boxed e-con e-parent\" data-id=\"0eb1a24\" data-element_type=\"container\" data-settings=\"{&quot;content_width&quot;:&quot;boxed&quot;}\" data-core-v316-plus=\"true\">\n\t\t\t\t\t<div class=\"e-con-inner\">\n\t\t\t\t<div class=\"elementor-element elementor-element-5008c91 elementor-widget elementor-widget-heading\" data-id=\"5008c91\" data-element_type=\"widget\" data-widget_type=\"heading.default\">\n\t\t\t\t<div class=\"elementor-widget-container\">\n\t\t\t<style>\/*! elementor - v3.17.0 - 08-11-2023 *\/\n.elementor-heading-title{padding:0;margin:0;line-height:1}.elementor-widget-heading .elementor-heading-title[class*=elementor-size-]>a{color:inherit;font-size:inherit;line-height:inherit}.elementor-widget-heading .elementor-heading-title.elementor-size-small{font-size:15px}.elementor-widget-heading .elementor-heading-title.elementor-size-medium{font-size:19px}.elementor-widget-heading .elementor-heading-title.elementor-size-large{font-size:29px}.elementor-widget-heading .elementor-heading-title.elementor-size-xl{font-size:39px}.elementor-widget-heading .elementor-heading-title.elementor-size-xxl{font-size:59px}<\/style><h4 class=\"elementor-heading-title elementor-size-default\">Depremler<\/h4>\t\t<\/div>\n\t\t\t\t<\/div>\n\t\t\t\t\t<\/div>\n\t\t\t\t<\/div>\n\t\t<div class=\"elementor-element elementor-element-ecb48d3 e-flex e-con-boxed e-con e-parent\" data-id=\"ecb48d3\" data-element_type=\"container\" data-settings=\"{&quot;content_width&quot;:&quot;boxed&quot;}\" data-core-v316-plus=\"true\">\n\t\t\t\t\t<div class=\"e-con-inner\">\n\t\t\t\t<div class=\"elementor-element elementor-element-10f2705 elementor-widget elementor-widget-text-editor\" data-id=\"10f2705\" data-element_type=\"widget\" data-widget_type=\"text-editor.default\">\n\t\t\t\t<div class=\"elementor-widget-container\">\n\t\t\t<style>\/*! elementor - v3.17.0 - 08-11-2023 *\/\n.elementor-widget-text-editor.elementor-drop-cap-view-stacked .elementor-drop-cap{background-color:#69727d;color:#fff}.elementor-widget-text-editor.elementor-drop-cap-view-framed .elementor-drop-cap{color:#69727d;border:3px solid;background-color:transparent}.elementor-widget-text-editor:not(.elementor-drop-cap-view-default) .elementor-drop-cap{margin-top:8px}.elementor-widget-text-editor:not(.elementor-drop-cap-view-default) .elementor-drop-cap-letter{width:1em;height:1em}.elementor-widget-text-editor .elementor-drop-cap{float:left;text-align:center;line-height:1;font-size:50px}.elementor-widget-text-editor .elementor-drop-cap-letter{display:inline-block}<\/style>\t\t\t\t<p style=\"margin-bottom: 15px; line-height: 24px; color: #243238; font-family: 'Open Sans'; font-size: 15px;\">\u0130stanbul Arama Kurtarma Ekibi, Birle\u015fmi\u015f Milletler INSARAG k\u0131lavuzunda yer alan (USAR) Urban Search and Rescue \u2013 Kentsel Arama Kurtarma ekip kriterleri do\u011frultusunda, d\u00fcnyan\u0131n herhangi bir yerinde meydana gelebilecek;<\/p>\n<ul>\n<li><span style=\"color: #243238; font-family: inherit; font-size: 15px; font-weight: var( --e-global-typography-text-font-weight ); text-align: var(--text-align);\">depremlerde arama kurtarma ve insani yard\u0131m operasyonlar\u0131 ba\u015fta olmak \u00fczere,<\/span><\/li>\n<li><span style=\"color: #243238; font-family: inherit; font-size: 15px; font-weight: var( --e-global-typography-text-font-weight ); text-align: var(--text-align);\">bina \u00e7\u00f6kmeleri,<\/span><\/li>\n<li><span style=\"color: #243238; font-family: inherit; font-size: 15px; font-weight: var( --e-global-typography-text-font-weight ); text-align: var(--text-align);\">patlama ve bombal\u0131 sald\u0131r\u0131larda arama kurtarma \u00e7al\u0131\u015fmalar\u0131,<\/span><\/li>\n<li><span style=\"color: #243238; font-family: inherit; font-size: 15px; font-weight: var( --e-global-typography-text-font-weight ); text-align: var(--text-align);\">\u015fehir i\u00e7i sel afetlerinde kurtarma ve<\/span><\/li>\n<li><span style=\"color: #243238; font-family: inherit; font-size: 15px; font-weight: var( --e-global-typography-text-font-weight ); text-align: var(--text-align);\">orman yang\u0131nlar\u0131na m\u00fcdahalede bulunabilecek kapasiteye sahiptir.<\/span><\/li>\n<\/ul>\n<p style=\"margin-bottom: 15px; line-height: 24px; color: #243238; font-family: 'Open Sans'; font-size: 15px;\"><span style=\"font-weight: bold; margin-bottom: 0px;\">Acil durumlarda:<\/span><\/p>\n<p style=\"margin-bottom: 15px; line-height: 24px; color: #243238; font-family: 'Open Sans'; font-size: 15px;\"><span style=\"font-weight: var( --e-global-typography-text-font-weight ); text-align: var(--text-align);\">\u0130stanbul Arama Kurtarma<\/span>, D\u00fcnya\u2019n\u0131n herhangi bir yerinde meydana gelebilecek bir felakette 2 saat i\u00e7inde haz\u0131rl\u0131klar\u0131n\u0131 tamamlayarak, donan\u0131ml\u0131 saha ekipleri ve K9 ekipleri ile afet b\u00f6lgesine h\u0131zl\u0131 bir \u015fekilde ula\u015fabilmektedir.<br style=\"margin-bottom: 0px;\">\u0130stanbul Arama Kurtarma&nbsp;ekibi afet b\u00f6lgesinde \u00f6ncelikli olarak arama kurtarma \u00e7al\u0131\u015fmalar\u0131n\u0131 y\u00fcr\u00fctmekte ve arama kurtarma faz\u0131n\u0131n tamamlanmas\u0131n\u0131n ard\u0131ndan afet b\u00f6lgesinde, Birle\u015fmi\u015f Milletler\u2019in (veya Birle\u015fmi\u015f Milletler \u00f6rg\u00fct\u00fcn\u00fcn) \u201cEnkaz Sonras\u0131 Faaliyetler\u201d olarak tan\u0131mlad\u0131\u011f\u0131, \u0130nsani Yard\u0131m ve \u0130yile\u015ftirme operasyonlar\u0131n\u0131 y\u00fcr\u00fctmekte, insani yard\u0131m koordinasyon s\u00fcre\u00e7lerine katk\u0131da bulunmaktad\u0131r.<\/p>\n<p style=\"margin-bottom: 15px; line-height: 24px; color: #243238; font-family: 'Open Sans'; font-size: 15px;\"><span style=\"font-weight: bold; margin-bottom: 0px;\">Haz\u0131rl\u0131kl\u0131l\u0131k Durumunda:<\/span><\/p>\n<p style=\"line-height: 24px; color: #243238; font-family: 'Open Sans'; font-size: 15px;\"><span style=\"font-weight: var( --e-global-typography-text-font-weight ); text-align: var(--text-align);\">\u0130stanbul Arama Kurtarma<\/span>, s\u00fcrekli ve d\u00fczenli e\u011fitim, masa ba\u015f\u0131 tatbikat, saha tatbikatlar\u0131 ile ekip i\u00e7i haz\u0131rl\u0131kl\u0131l\u0131\u011f\u0131n\u0131 geli\u015ftirmekte;<br>ulusal ve uluslararas\u0131 alanda faaliyet g\u00f6steren arama kurtarma ve insani yard\u0131m ekipleri ile ortak e\u011fitim ve tatbikatlar ger\u00e7ekle\u015ftirmekte;<br style=\"margin-bottom: 0px;\">1994 y\u0131l\u0131ndan bu yana edindi\u011fi tecr\u00fcbe ile, okullarda ve \u00f6zel ve kamu kurum ve kurulu\u015flar\u0131nda haz\u0131rl\u0131k ve bilin\u00e7lendirme e\u011fitim ve tatbikatlar\u0131 d\u00fczenlemektedir.<\/p><p style=\"line-height: 24px; color: #243238; font-family: 'Open Sans'; font-size: 15px;\"><br><\/p><p style=\"line-height: 24px; color: #243238; font-family: 'Open Sans'; font-size: 15px;\"><br><\/p><p style=\"line-height: 24px; color: #243238; font-family: 'Open Sans'; font-size: 15px;\"><br><\/p><p style=\"line-height: 24px; color: #243238; font-family: 'Open Sans'; font-size: 15px;\"><br><\/p>\t\t\t\t\t\t<\/div>\n\t\t\t\t<\/div>\n\t\t\t\t\t<\/div>\n\t\t\t\t<\/div>\n\t\t<div class=\"elementor-element elementor-element-8df03cb e-flex e-con-boxed e-con e-parent\" data-id=\"8df03cb\" data-element_type=\"container\" data-settings=\"{&quot;content_width&quot;:&quot;boxed&quot;}\" data-core-v316-plus=\"true\">\n\t\t\t\t\t<div class=\"e-con-inner\">\n\t\t\t\t\t<\/div>\n\t\t\t\t<\/div>\n\t\t\t\t\t\t\t<\/div>\n\t\t","protected":false},"excerpt":{"rendered":"<p>Depremler \u0130stanbul Arama Kurtarma Ekibi, Birle\u015fmi\u015f Milletler INSARAG k\u0131lavuzunda yer alan (USAR) Urban Search and Rescue \u2013 Kentsel Arama Kurtarma ekip kriterleri do\u011frultusunda, d\u00fcnyan\u0131n herhangi bir yerinde meydana gelebilecek; depremlerde [&hellip;]<\/p>\n","protected":false},"author":2,"featured_media":0,"parent":1084,"menu_order":0,"comment_status":"closed","ping_status":"closed","template":"tpl-default-elementor.php","meta":{"footnotes":""},"class_list":["post-1720","page","type-page","status-publish","hentry"],"yoast_head":"<!-- This site is optimized with the Yoast SEO plugin v21.5 - https:\/\/yoast.com\/wordpress\/plugins\/seo\/ -->\n<title>Depremler - \u0130stanbul Arama Kurtarma Derne\u011fi<\/title>\n<meta name=\"robots\" content=\"index, follow, max-snippet:-1, max-image-preview:large, max-video-preview:-1\" \/>\n<link rel=\"canonical\" href=\"https:\/\/istanbularamakurtarma.org.tr\/index.php\/faaliyetlerimiz\/deprem\/\" \/>\n<meta property=\"og:locale\" content=\"tr_TR\" \/>\n<meta property=\"og:type\" content=\"article\" \/>\n<meta property=\"og:title\" content=\"Depremler - \u0130stanbul Arama Kurtarma Derne\u011fi\" \/>\n<meta property=\"og:description\" content=\"Depremler \u0130stanbul Arama Kurtarma Ekibi, Birle\u015fmi\u015f Milletler INSARAG k\u0131lavuzunda yer alan (USAR) Urban Search and Rescue \u2013 Kentsel Arama Kurtarma ekip kriterleri do\u011frultusunda, d\u00fcnyan\u0131n herhangi bir yerinde meydana gelebilecek; depremlerde [&hellip;]\" \/>\n<meta property=\"og:url\" content=\"https:\/\/istanbularamakurtarma.org.tr\/index.php\/faaliyetlerimiz\/deprem\/\" \/>\n<meta property=\"og:site_name\" content=\"\u0130stanbul Arama Kurtarma Derne\u011fi\" \/>\n<meta property=\"article:publisher\" content=\"https:\/\/www.facebook.com\/istanbularamakurtarma\" \/>\n<meta property=\"article:modified_time\" content=\"2023-11-12T13:05:55+00:00\" \/>\n<meta property=\"og:image\" content=\"https:\/\/istanbularamakurtarma.org.tr\/wp-content\/uploads\/2023\/11\/IMG_9633-150x150.jpg\" \/>\n<meta name=\"twitter:card\" content=\"summary_large_image\" \/>\n<meta name=\"twitter:site\" content=\"@istanbularama\" \/>\n<meta name=\"twitter:label1\" content=\"Tahmini okuma s\u00fcresi\" \/>\n\t<meta name=\"twitter:data1\" content=\"1 dakika\" \/>\n<script type=\"application\/ld+json\" class=\"yoast-schema-graph\">{\"@context\":\"https:\/\/schema.org\",\"@graph\":[{\"@type\":\"WebPage\",\"@id\":\"https:\/\/istanbularamakurtarma.org.tr\/index.php\/faaliyetlerimiz\/deprem\/\",\"url\":\"https:\/\/istanbularamakurtarma.org.tr\/index.php\/faaliyetlerimiz\/deprem\/\",\"name\":\"Depremler - \u0130stanbul Arama Kurtarma Derne\u011fi\",\"isPartOf\":{\"@id\":\"https:\/\/istanbularamakurtarma.org.tr\/#website\"},\"datePublished\":\"2023-11-11T17:44:55+00:00\",\"dateModified\":\"2023-11-12T13:05:55+00:00\",\"breadcrumb\":{\"@id\":\"https:\/\/istanbularamakurtarma.org.tr\/index.php\/faaliyetlerimiz\/deprem\/#breadcrumb\"},\"inLanguage\":\"tr\",\"potentialAction\":[{\"@type\":\"ReadAction\",\"target\":[\"https:\/\/istanbularamakurtarma.org.tr\/index.php\/faaliyetlerimiz\/deprem\/\"]}]},{\"@type\":\"BreadcrumbList\",\"@id\":\"https:\/\/istanbularamakurtarma.org.tr\/index.php\/faaliyetlerimiz\/deprem\/#breadcrumb\",\"itemListElement\":[{\"@type\":\"ListItem\",\"position\":1,\"name\":\"Anasayfa\",\"item\":\"https:\/\/istanbularamakurtarma.org.tr\/\"},{\"@type\":\"ListItem\",\"position\":2,\"name\":\"Faaliyetlerimiz\",\"item\":\"https:\/\/istanbularamakurtarma.org.tr\/index.php\/faaliyetlerimiz\/\"},{\"@type\":\"ListItem\",\"position\":3,\"name\":\"Depremler\"}]},{\"@type\":\"WebSite\",\"@id\":\"https:\/\/istanbularamakurtarma.org.tr\/#website\",\"url\":\"https:\/\/istanbularamakurtarma.org.tr\/\",\"name\":\"\u0130stanbul Arama Kurtarma Derne\u011fi\",\"description\":\"\",\"publisher\":{\"@id\":\"https:\/\/istanbularamakurtarma.org.tr\/#organization\"},\"potentialAction\":[{\"@type\":\"SearchAction\",\"target\":{\"@type\":\"EntryPoint\",\"urlTemplate\":\"https:\/\/istanbularamakurtarma.org.tr\/?s={search_term_string}\"},\"query-input\":\"required name=search_term_string\"}],\"inLanguage\":\"tr\"},{\"@type\":\"Organization\",\"@id\":\"https:\/\/istanbularamakurtarma.org.tr\/#organization\",\"name\":\"\u0130stanbul Arama Kurtarma Derne\u011fi\",\"url\":\"https:\/\/istanbularamakurtarma.org.tr\/\",\"logo\":{\"@type\":\"ImageObject\",\"inLanguage\":\"tr\",\"@id\":\"https:\/\/istanbularamakurtarma.org.tr\/#\/schema\/logo\/image\/\",\"url\":\"https:\/\/istanbularamakurtarma.org.tr\/wp-content\/uploads\/2023\/11\/istanbul-arama-kurtarma-1.png\",\"contentUrl\":\"https:\/\/istanbularamakurtarma.org.tr\/wp-content\/uploads\/2023\/11\/istanbul-arama-kurtarma-1.png\",\"width\":295,\"height\":355,\"caption\":\"\u0130stanbul Arama Kurtarma Derne\u011fi\"},\"image\":{\"@id\":\"https:\/\/istanbularamakurtarma.org.tr\/#\/schema\/logo\/image\/\"},\"sameAs\":[\"https:\/\/www.facebook.com\/istanbularamakurtarma\",\"https:\/\/twitter.com\/istanbularama\",\"https:\/\/www.youtube.com\/@istanbularamakurtarmaderne8635\/videos\",\"https:\/\/www.instagram.com\/istanbularamakurtarma\"]}]}<\/script>\n<!-- \/ Yoast SEO plugin. -->","yoast_head_json":{"title":"Depremler - \u0130stanbul Arama Kurtarma Derne\u011fi","robots":{"index":"index","follow":"follow","max-snippet":"max-snippet:-1","max-image-preview":"max-image-preview:large","max-video-preview":"max-video-preview:-1"},"canonical":"https:\/\/istanbularamakurtarma.org.tr\/index.php\/faaliyetlerimiz\/deprem\/","og_locale":"tr_TR","og_type":"article","og_title":"Depremler - \u0130stanbul Arama Kurtarma Derne\u011fi","og_description":"Depremler \u0130stanbul Arama Kurtarma Ekibi, Birle\u015fmi\u015f Milletler INSARAG k\u0131lavuzunda yer alan (USAR) Urban Search and Rescue \u2013 Kentsel Arama Kurtarma ekip kriterleri do\u011frultusunda, d\u00fcnyan\u0131n herhangi bir yerinde meydana gelebilecek; depremlerde [&hellip;]","og_url":"https:\/\/istanbularamakurtarma.org.tr\/index.php\/faaliyetlerimiz\/deprem\/","og_site_name":"\u0130stanbul Arama Kurtarma Derne\u011fi","article_publisher":"https:\/\/www.facebook.com\/istanbularamakurtarma","article_modified_time":"2023-11-12T13:05:55+00:00","og_image":[{"url":"https:\/\/istanbularamakurtarma.org.tr\/wp-content\/uploads\/2023\/11\/IMG_9633-150x150.jpg"}],"twitter_card":"summary_large_image","twitter_site":"@istanbularama","twitter_misc":{"Tahmini okuma s\u00fcresi":"1 dakika"},"schema":{"@context":"https:\/\/schema.org","@graph":[{"@type":"WebPage","@id":"https:\/\/istanbularamakurtarma.org.tr\/index.php\/faaliyetlerimiz\/deprem\/","url":"https:\/\/istanbularamakurtarma.org.tr\/index.php\/faaliyetlerimiz\/deprem\/","name":"Depremler - \u0130stanbul Arama Kurtarma Derne\u011fi","isPartOf":{"@id":"https:\/\/istanbularamakurtarma.org.tr\/#website"},"datePublished":"2023-11-11T17:44:55+00:00","dateModified":"2023-11-12T13:05:55+00:00","breadcrumb":{"@id":"https:\/\/istanbularamakurtarma.org.tr\/index.php\/faaliyetlerimiz\/deprem\/#breadcrumb"},"inLanguage":"tr","potentialAction":[{"@type":"ReadAction","target":["https:\/\/istanbularamakurtarma.org.tr\/index.php\/faaliyetlerimiz\/deprem\/"]}]},{"@type":"BreadcrumbList","@id":"https:\/\/istanbularamakurtarma.org.tr\/index.php\/faaliyetlerimiz\/deprem\/#breadcrumb","itemListElement":[{"@type":"ListItem","position":1,"name":"Anasayfa","item":"https:\/\/istanbularamakurtarma.org.tr\/"},{"@type":"ListItem","position":2,"name":"Faaliyetlerimiz","item":"https:\/\/istanbularamakurtarma.org.tr\/index.php\/faaliyetlerimiz\/"},{"@type":"ListItem","position":3,"name":"Depremler"}]},{"@type":"WebSite","@id":"https:\/\/istanbularamakurtarma.org.tr\/#website","url":"https:\/\/istanbularamakurtarma.org.tr\/","name":"\u0130stanbul Arama Kurtarma Derne\u011fi","description":"","publisher":{"@id":"https:\/\/istanbularamakurtarma.org.tr\/#organization"},"potentialAction":[{"@type":"SearchAction","target":{"@type":"EntryPoint","urlTemplate":"https:\/\/istanbularamakurtarma.org.tr\/?s={search_term_string}"},"query-input":"required name=search_term_string"}],"inLanguage":"tr"},{"@type":"Organization","@id":"https:\/\/istanbularamakurtarma.org.tr\/#organization","name":"\u0130stanbul Arama Kurtarma Derne\u011fi","url":"https:\/\/istanbularamakurtarma.org.tr\/","logo":{"@type":"ImageObject","inLanguage":"tr","@id":"https:\/\/istanbularamakurtarma.org.tr\/#\/schema\/logo\/image\/","url":"https:\/\/istanbularamakurtarma.org.tr\/wp-content\/uploads\/2023\/11\/istanbul-arama-kurtarma-1.png","contentUrl":"https:\/\/istanbularamakurtarma.org.tr\/wp-content\/uploads\/2023\/11\/istanbul-arama-kurtarma-1.png","width":295,"height":355,"caption":"\u0130stanbul Arama Kurtarma Derne\u011fi"},"image":{"@id":"https:\/\/istanbularamakurtarma.org.tr\/#\/schema\/logo\/image\/"},"sameAs":["https:\/\/www.facebook.com\/istanbularamakurtarma","https:\/\/twitter.com\/istanbularama","https:\/\/www.youtube.com\/@istanbularamakurtarmaderne8635\/videos","https:\/\/www.instagram.com\/istanbularamakurtarma"]}]}},"jetpack_sharing_enabled":true,"_links":{"self":[{"href":"https:\/\/istanbularamakurtarma.org.tr\/index.php\/wp-json\/wp\/v2\/pages\/1720","targetHints":{"allow":["GET"]}}],"collection":[{"href":"https:\/\/istanbularamakurtarma.org.tr\/index.php\/wp-json\/wp\/v2\/pages"}],"about":[{"href":"https:\/\/istanbularamakurtarma.org.tr\/index.php\/wp-json\/wp\/v2\/types\/page"}],"author":[{"embeddable":true,"href":"https:\/\/istanbularamakurtarma.org.tr\/index.php\/wp-json\/wp\/v2\/users\/2"}],"replies":[{"embeddable":true,"href":"https:\/\/istanbularamakurtarma.org.tr\/index.php\/wp-json\/wp\/v2\/comments?post=1720"}],"version-history":[{"count":9,"href":"https:\/\/istanbularamakurtarma.org.tr\/index.php\/wp-json\/wp\/v2\/pages\/1720\/revisions"}],"predecessor-version":[{"id":1783,"href":"https:\/\/istanbularamakurtarma.org.tr\/index.php\/wp-json\/wp\/v2\/pages\/1720\/revisions\/1783"}],"up":[{"embeddable":true,"href":"https:\/\/istanbularamakurtarma.org.tr\/index.php\/wp-json\/wp\/v2\/pages\/1084"}],"wp:attachment":[{"href":"https:\/\/istanbularamakurtarma.org.tr\/index.php\/wp-json\/wp\/v2\/media?parent=1720"}],"curies":[{"name":"wp","href":"https:\/\/api.w.org\/{rel}","templated":true}]}}